{"id":123,"date":"2022-11-02T14:03:41","date_gmt":"2022-11-02T14:03:41","guid":{"rendered":"https:\/\/magical-mahavira.157-90-23-119.plesk.page\/?page_id=123"},"modified":"2025-10-30T07:14:48","modified_gmt":"2025-10-30T07:14:48","slug":"erdarbeiten","status":"publish","type":"page","link":"https:\/\/knapp-baustoffe.de\/index.php\/erdarbeiten\/","title":{"rendered":"Erdarbeiten"},"content":{"rendered":"\t\t<div data-elementor-type=\"wp-page\" data-elementor-id=\"123\" class=\"elementor elementor-123\" data-elementor-post-type=\"page\">\n\t\t\t\t\t\t<section class=\"elementor-section elementor-top-section elementor-element elementor-element-74b06ca elementor-section-height-min-height elementor-section-items-bottom elementor-section-boxed elementor-section-height-default\" data-id=\"74b06ca\" data-element_type=\"section\" data-e-type=\"section\" data-settings=\"{&quot;background_background&quot;:&quot;classic&quot;}\">\n\t\t\t\t\t\t\t<div class=\"elementor-background-overlay\"><\/div>\n\t\t\t\t\t\t\t<div class=\"elementor-container elementor-column-gap-default\">\n\t\t\t\t\t<div class=\"elementor-column elementor-col-100 elementor-top-column elementor-element elementor-element-05cc78c\" data-id=\"05cc78c\" data-element_type=\"column\" data-e-type=\"column\">\n\t\t\t<div class=\"elementor-widget-wrap elementor-element-populated\">\n\t\t\t\t\t\t<div class=\"elementor-element elementor-element-bc04519 elementor-widget elementor-widget-heading\" data-id=\"bc04519\" data-element_type=\"widget\" data-e-type=\"widget\" data-widget_type=\"heading.default\">\n\t\t\t\t<div class=\"elementor-widget-container\">\n\t\t\t\t\t<h2 class=\"elementor-heading-title elementor-size-default\">Wir machen Ihre<\/h2>\t\t\t\t<\/div>\n\t\t\t\t<\/div>\n\t\t\t\t<div class=\"elementor-element elementor-element-059e309 elementor-hidden-desktop elementor-widget elementor-widget-heading\" data-id=\"059e309\" data-element_type=\"widget\" data-e-type=\"widget\" data-widget_type=\"heading.default\">\n\t\t\t\t<div class=\"elementor-widget-container\">\n\t\t\t\t\t<h2 class=\"elementor-heading-title elementor-size-default\">Erdarbeiten<\/h2>\t\t\t\t<\/div>\n\t\t\t\t<\/div>\n\t\t\t\t<div class=\"elementor-element elementor-element-4e1f21e elementor-hidden-tablet elementor-hidden-mobile elementor-widget elementor-widget-heading\" data-id=\"4e1f21e\" data-element_type=\"widget\" data-e-type=\"widget\" data-widget_type=\"heading.default\">\n\t\t\t\t<div class=\"elementor-widget-container\">\n\t\t\t\t\t<h2 class=\"elementor-heading-title elementor-size-default\">Erd- <br>\narbeiten<\/h2>\t\t\t\t<\/div>\n\t\t\t\t<\/div>\n\t\t\t\t<div class=\"elementor-element elementor-element-aad61eb elementor-widget elementor-widget-spacer\" data-id=\"aad61eb\" data-element_type=\"widget\" data-e-type=\"widget\" data-widget_type=\"spacer.default\">\n\t\t\t\t<div class=\"elementor-widget-container\">\n\t\t\t\t\t\t\t<div class=\"elementor-spacer\">\n\t\t\t<div class=\"elementor-spacer-inner\"><\/div>\n\t\t<\/div>\n\t\t\t\t\t\t<\/div>\n\t\t\t\t<\/div>\n\t\t\t\t<div class=\"elementor-element elementor-element-50a6096 elementor-widget__width-initial elementor-widget-mobile__width-initial elementor-hidden-mobile elementor-widget elementor-widget-text-editor\" data-id=\"50a6096\" data-element_type=\"widget\" data-e-type=\"widget\" data-widget_type=\"text-editor.default\">\n\t\t\t\t<div class=\"elementor-widget-container\">\n\t\t\t\t\t\t\t\t\tNeben unserem Baustoffhandel und unserer Sandgrube bieten wir auch Baggerarbeiten und Transportleistungen an.\t\t\t\t\t\t\t\t<\/div>\n\t\t\t\t<\/div>\n\t\t\t\t<div class=\"elementor-element elementor-element-6c45452 elementor-widget elementor-widget-spacer\" data-id=\"6c45452\" data-element_type=\"widget\" data-e-type=\"widget\" data-widget_type=\"spacer.default\">\n\t\t\t\t<div class=\"elementor-widget-container\">\n\t\t\t\t\t\t\t<div class=\"elementor-spacer\">\n\t\t\t<div class=\"elementor-spacer-inner\"><\/div>\n\t\t<\/div>\n\t\t\t\t\t\t<\/div>\n\t\t\t\t<\/div>\n\t\t\t\t\t<\/div>\n\t\t<\/div>\n\t\t\t\t\t<\/div>\n\t\t<\/section>\n\t\t\t\t<section class=\"elementor-section elementor-top-section elementor-element elementor-element-4dd9f6b elementor-section-boxed elementor-section-height-default elementor-section-height-default\" data-id=\"4dd9f6b\" data-element_type=\"section\" data-e-type=\"section\" id=\"erdarbeiten\">\n\t\t\t\t\t\t<div class=\"elementor-container elementor-column-gap-default\">\n\t\t\t\t\t<div class=\"elementor-column elementor-col-50 elementor-top-column elementor-element elementor-element-af0f8b0\" data-id=\"af0f8b0\" data-element_type=\"column\" data-e-type=\"column\">\n\t\t\t<div class=\"elementor-widget-wrap elementor-element-populated\">\n\t\t\t\t\t\t<div class=\"elementor-element elementor-element-f593802 elementor-widget elementor-widget-heading\" data-id=\"f593802\" data-element_type=\"widget\" data-e-type=\"widget\" data-widget_type=\"heading.default\">\n\t\t\t\t<div class=\"elementor-widget-container\">\n\t\t\t\t\t<h2 class=\"elementor-heading-title elementor-size-default\">WIR BEWEGEN...<\/h2>\t\t\t\t<\/div>\n\t\t\t\t<\/div>\n\t\t\t\t<div class=\"elementor-element elementor-element-aa03dbe elementor-widget elementor-widget-text-editor\" data-id=\"aa03dbe\" data-element_type=\"widget\" data-e-type=\"widget\" data-widget_type=\"text-editor.default\">\n\t\t\t\t<div class=\"elementor-widget-container\">\n\t\t\t\t\t\t\t\t\t<p>F\u00fcr verschiedenste Aushub- und Ladearbeiten stehen 2 Liebherr Mobilbagger, 1 Mini-Kettenbagger, 1 Radlader und 8 Kipp-LKWs in verschiedenen Gr\u00f6\u00dfen zur Verf\u00fcgung. Vom Ausbaggern der Baugrube, Abtransport und Entsorgung des Aushubs, bis hin zur Lieferung von Unterbaumaterial wie Schotter und Kies. Bei uns erhalten Sie alles aus einer Hand! Auch die grobe Modellierung Ihres Grundst\u00fccks bzw. Gartens mit Auff\u00fcllmaterialien und Mutterboden aus unserer eigenen Sandgrube sind f\u00fcr uns kein Problem. Durch die jahrelange Erfahrung unserer Bagger- und LKW-Fahrer werden Projekte professionell und termingerecht fertiggestellt!<br><br><br>\u00dcbrigens: Alle Maschinen k\u00f6nnen bei uns auch stundenweise mit Fahrer gemietet werden!<\/p>\t\t\t\t\t\t\t\t<\/div>\n\t\t\t\t<\/div>\n\t\t\t\t<div class=\"elementor-element elementor-element-95a026e elementor-hidden-mobile elementor-widget elementor-widget-spacer\" data-id=\"95a026e\" data-element_type=\"widget\" data-e-type=\"widget\" data-widget_type=\"spacer.default\">\n\t\t\t\t<div class=\"elementor-widget-container\">\n\t\t\t\t\t\t\t<div class=\"elementor-spacer\">\n\t\t\t<div class=\"elementor-spacer-inner\"><\/div>\n\t\t<\/div>\n\t\t\t\t\t\t<\/div>\n\t\t\t\t<\/div>\n\t\t\t\t\t<\/div>\n\t\t<\/div>\n\t\t\t\t<div class=\"elementor-column elementor-col-50 elementor-top-column elementor-element elementor-element-7f98546\" data-id=\"7f98546\" data-element_type=\"column\" data-e-type=\"column\" data-settings=\"{&quot;background_background&quot;:&quot;classic&quot;}\">\n\t\t\t<div class=\"elementor-widget-wrap elementor-element-populated\">\n\t\t\t\t\t\t<div class=\"elementor-element elementor-element-cc6261a elementor-widget elementor-widget-spacer\" data-id=\"cc6261a\" data-element_type=\"widget\" data-e-type=\"widget\" data-widget_type=\"spacer.default\">\n\t\t\t\t<div class=\"elementor-widget-container\">\n\t\t\t\t\t\t\t<div class=\"elementor-spacer\">\n\t\t\t<div class=\"elementor-spacer-inner\"><\/div>\n\t\t<\/div>\n\t\t\t\t\t\t<\/div>\n\t\t\t\t<\/div>\n\t\t\t\t\t<\/div>\n\t\t<\/div>\n\t\t\t\t\t<\/div>\n\t\t<\/section>\n\t\t\t\t<section class=\"elementor-section elementor-top-section elementor-element elementor-element-4eb8c8f elementor-section-boxed elementor-section-height-default elementor-section-height-default\" data-id=\"4eb8c8f\" data-element_type=\"section\" data-e-type=\"section\">\n\t\t\t\t\t\t<div class=\"elementor-container elementor-column-gap-default\">\n\t\t\t\t\t<div class=\"elementor-column elementor-col-100 elementor-top-column elementor-element elementor-element-14c450c\" data-id=\"14c450c\" data-element_type=\"column\" data-e-type=\"column\">\n\t\t\t<div class=\"elementor-widget-wrap elementor-element-populated\">\n\t\t\t\t\t\t<section class=\"elementor-section elementor-inner-section elementor-element elementor-element-a1d1b17 elementor-section-full_width elementor-section-height-default elementor-section-height-default\" data-id=\"a1d1b17\" data-element_type=\"section\" data-e-type=\"section\">\n\t\t\t\t\t\t<div class=\"elementor-container elementor-column-gap-default\">\n\t\t\t\t\t<div class=\"elementor-column elementor-col-33 elementor-inner-column elementor-element elementor-element-cd8264c\" data-id=\"cd8264c\" data-element_type=\"column\" data-e-type=\"column\">\n\t\t\t<div class=\"elementor-widget-wrap elementor-element-populated\">\n\t\t\t\t\t\t<div class=\"elementor-element elementor-element-8e2129f elementor-widget elementor-widget-image\" data-id=\"8e2129f\" data-element_type=\"widget\" data-e-type=\"widget\" data-widget_type=\"image.default\">\n\t\t\t\t<div class=\"elementor-widget-container\">\n\t\t\t\t\t\t\t\t\t\t\t\t\t\t\t<img fetchpriority=\"high\" decoding=\"async\" width=\"394\" height=\"394\" src=\"https:\/\/i0.wp.com\/knapp-baustoffe.de\/wp-content\/uploads\/2022\/11\/Baggerarbeiten.png?fit=394%2C394&amp;ssl=1\" class=\"attachment-large size-large wp-image-289\" alt=\"Icon eines Baggers, steht f\u00fcr Baggerarbeiten.\" srcset=\"https:\/\/i0.wp.com\/knapp-baustoffe.de\/wp-content\/uploads\/2022\/11\/Baggerarbeiten.png?w=394&amp;ssl=1 394w, https:\/\/i0.wp.com\/knapp-baustoffe.de\/wp-content\/uploads\/2022\/11\/Baggerarbeiten.png?resize=300%2C300&amp;ssl=1 300w, https:\/\/i0.wp.com\/knapp-baustoffe.de\/wp-content\/uploads\/2022\/11\/Baggerarbeiten.png?resize=150%2C150&amp;ssl=1 150w\" sizes=\"(max-width: 394px) 100vw, 394px\" \/>\t\t\t\t\t\t\t\t\t\t\t\t\t\t\t<\/div>\n\t\t\t\t<\/div>\n\t\t\t\t<div class=\"elementor-element elementor-element-3f0160a elementor-widget__width-initial elementor-widget elementor-widget-text-editor\" data-id=\"3f0160a\" data-element_type=\"widget\" data-e-type=\"widget\" data-widget_type=\"text-editor.default\">\n\t\t\t\t<div class=\"elementor-widget-container\">\n\t\t\t\t\t\t\t\t\t<p><strong>Baggerarbeiten<\/strong><br \/>Erdbewegungen, Erdabfuhr, Baugrubenaushub, Pflasteraushub<\/p>\t\t\t\t\t\t\t\t<\/div>\n\t\t\t\t<\/div>\n\t\t\t\t\t<\/div>\n\t\t<\/div>\n\t\t\t\t<div class=\"elementor-column elementor-col-33 elementor-inner-column elementor-element elementor-element-c2464ab\" data-id=\"c2464ab\" data-element_type=\"column\" data-e-type=\"column\">\n\t\t\t<div class=\"elementor-widget-wrap elementor-element-populated\">\n\t\t\t\t\t\t<div class=\"elementor-element elementor-element-15cd988 elementor-widget elementor-widget-image\" data-id=\"15cd988\" data-element_type=\"widget\" data-e-type=\"widget\" data-widget_type=\"image.default\">\n\t\t\t\t<div class=\"elementor-widget-container\">\n\t\t\t\t\t\t\t\t\t\t\t\t\t\t\t<img decoding=\"async\" width=\"394\" height=\"394\" src=\"https:\/\/i0.wp.com\/knapp-baustoffe.de\/wp-content\/uploads\/2022\/11\/Transport.png?fit=394%2C394&amp;ssl=1\" class=\"attachment-large size-large wp-image-288\" alt=\"Icon eines Lkw, symbolisiert Transportleistungen.\" srcset=\"https:\/\/i0.wp.com\/knapp-baustoffe.de\/wp-content\/uploads\/2022\/11\/Transport.png?w=394&amp;ssl=1 394w, https:\/\/i0.wp.com\/knapp-baustoffe.de\/wp-content\/uploads\/2022\/11\/Transport.png?resize=300%2C300&amp;ssl=1 300w, https:\/\/i0.wp.com\/knapp-baustoffe.de\/wp-content\/uploads\/2022\/11\/Transport.png?resize=150%2C150&amp;ssl=1 150w\" sizes=\"(max-width: 394px) 100vw, 394px\" \/>\t\t\t\t\t\t\t\t\t\t\t\t\t\t\t<\/div>\n\t\t\t\t<\/div>\n\t\t\t\t<div class=\"elementor-element elementor-element-6cadc34 elementor-widget elementor-widget-text-editor\" data-id=\"6cadc34\" data-element_type=\"widget\" data-e-type=\"widget\" data-widget_type=\"text-editor.default\">\n\t\t\t\t<div class=\"elementor-widget-container\">\n\t\t\t\t\t\t\t\t\t<p><strong>Transportleistungen<\/strong><br \/>Liefern von Sand, Kies, Schotter, Rindenmulch, Pflaster, Baumaterial, Abtransport von Aushubmaterial, Bauschutt und Erdreich<\/p>\t\t\t\t\t\t\t\t<\/div>\n\t\t\t\t<\/div>\n\t\t\t\t\t<\/div>\n\t\t<\/div>\n\t\t\t\t<div class=\"elementor-column elementor-col-33 elementor-inner-column elementor-element elementor-element-ef5aed1\" data-id=\"ef5aed1\" data-element_type=\"column\" data-e-type=\"column\">\n\t\t\t<div class=\"elementor-widget-wrap elementor-element-populated\">\n\t\t\t\t\t\t<div class=\"elementor-element elementor-element-715d909 elementor-widget elementor-widget-image\" data-id=\"715d909\" data-element_type=\"widget\" data-e-type=\"widget\" data-widget_type=\"image.default\">\n\t\t\t\t<div class=\"elementor-widget-container\">\n\t\t\t\t\t\t\t\t\t\t\t\t\t\t\t<img decoding=\"async\" width=\"394\" height=\"394\" src=\"https:\/\/i0.wp.com\/knapp-baustoffe.de\/wp-content\/uploads\/2022\/11\/Kontakt.png?fit=394%2C394&amp;ssl=1\" class=\"attachment-large size-large wp-image-298\" alt=\"Icon eines Telefonh\u00f6rers mit Funksignalen, steht f\u00fcr Kontakt.\" srcset=\"https:\/\/i0.wp.com\/knapp-baustoffe.de\/wp-content\/uploads\/2022\/11\/Kontakt.png?w=394&amp;ssl=1 394w, https:\/\/i0.wp.com\/knapp-baustoffe.de\/wp-content\/uploads\/2022\/11\/Kontakt.png?resize=300%2C300&amp;ssl=1 300w, https:\/\/i0.wp.com\/knapp-baustoffe.de\/wp-content\/uploads\/2022\/11\/Kontakt.png?resize=150%2C150&amp;ssl=1 150w\" sizes=\"(max-width: 394px) 100vw, 394px\" \/>\t\t\t\t\t\t\t\t\t\t\t\t\t\t\t<\/div>\n\t\t\t\t<\/div>\n\t\t\t\t<div class=\"elementor-element elementor-element-4858b42 elementor-widget elementor-widget-text-editor\" data-id=\"4858b42\" data-element_type=\"widget\" data-e-type=\"widget\" data-widget_type=\"text-editor.default\">\n\t\t\t\t<div class=\"elementor-widget-container\">\n\t\t\t\t\t\t\t\t\t<p><b>Kontakt<br \/><\/b><span style=\"font-style: inherit; font-weight: inherit; color: var( --e-global-color-text ); font-family: var( --e-global-typography-text-font-family ), Sans-serif; background-color: var(--ast-global-color-5);\">09371\/66068 &#8211; 0<br \/><\/span><span style=\"background-color: var(--ast-global-color-5); color: var( --e-global-color-text ); font-family: var( --e-global-typography-text-font-family ), Sans-serif; font-style: inherit; font-weight: inherit;\">info@knapp-baustoffe.de<\/span><\/p>\t\t\t\t\t\t\t\t<\/div>\n\t\t\t\t<\/div>\n\t\t\t\t\t<\/div>\n\t\t<\/div>\n\t\t\t\t\t<\/div>\n\t\t<\/section>\n\t\t\t\t\t<\/div>\n\t\t<\/div>\n\t\t\t\t\t<\/div>\n\t\t<\/section>\n\t\t\t\t<section class=\"elementor-section elementor-top-section elementor-element elementor-element-9c8deae elementor-section-height-min-height elementor-section-boxed elementor-section-height-default elementor-section-items-middle\" data-id=\"9c8deae\" data-element_type=\"section\" data-e-type=\"section\" data-settings=\"{&quot;background_background&quot;:&quot;classic&quot;}\">\n\t\t\t\t\t\t<div class=\"elementor-container elementor-column-gap-default\">\n\t\t\t\t\t<div class=\"elementor-column elementor-col-100 elementor-top-column elementor-element elementor-element-e05fa28\" data-id=\"e05fa28\" data-element_type=\"column\" data-e-type=\"column\">\n\t\t\t<div class=\"elementor-widget-wrap\">\n\t\t\t\t\t\t\t<\/div>\n\t\t<\/div>\n\t\t\t\t\t<\/div>\n\t\t<\/section>\n\t\t\t\t<\/div>\n\t\t","protected":false},"excerpt":{"rendered":"<p>Wir machen Ihre Erdarbeiten Erd- arbeiten Neben unserem Baustoffhandel und unserer Sandgrube bieten wir auch Baggerarbeiten und Transportleistungen an. WIR BEWEGEN&#8230; F\u00fcr verschiedenste Aushub- und Ladearbeiten stehen 2 Liebherr Mobilbagger, 1 Mini-Kettenbagger, 1 Radlader und 8 Kipp-LKWs in verschiedenen Gr\u00f6\u00dfen zur Verf\u00fcgung. Vom Ausbaggern der Baugrube, Abtransport und Entsorgung des Aushubs, bis hin zur Lieferung [&hellip;]<\/p>\n","protected":false},"author":1,"featured_media":0,"parent":0,"menu_order":0,"comment_status":"closed","ping_status":"closed","template":"","meta":{"footnotes":""},"class_list":["post-123","page","type-page","status-publish","hentry"],"_links":{"self":[{"href":"https:\/\/knapp-baustoffe.de\/index.php\/wp-json\/wp\/v2\/pages\/123","targetHints":{"allow":["GET"]}}],"collection":[{"href":"https:\/\/knapp-baustoffe.de\/index.php\/wp-json\/wp\/v2\/pages"}],"about":[{"href":"https:\/\/knapp-baustoffe.de\/index.php\/wp-json\/wp\/v2\/types\/page"}],"author":[{"embeddable":true,"href":"https:\/\/knapp-baustoffe.de\/index.php\/wp-json\/wp\/v2\/users\/1"}],"replies":[{"embeddable":true,"href":"https:\/\/knapp-baustoffe.de\/index.php\/wp-json\/wp\/v2\/comments?post=123"}],"version-history":[{"count":0,"href":"https:\/\/knapp-baustoffe.de\/index.php\/wp-json\/wp\/v2\/pages\/123\/revisions"}],"wp:attachment":[{"href":"https:\/\/knapp-baustoffe.de\/index.php\/wp-json\/wp\/v2\/media?parent=123"}],"curies":[{"name":"wp","href":"https:\/\/api.w.org\/{rel}","templated":true}]}}