{"id":734,"date":"2025-10-30T06:43:32","date_gmt":"2025-10-30T06:43:32","guid":{"rendered":"https:\/\/knapp-baustoffe.de\/?page_id=734"},"modified":"2025-10-30T06:46:18","modified_gmt":"2025-10-30T06:46:18","slug":"barrierefreiheit","status":"publish","type":"page","link":"https:\/\/knapp-baustoffe.de\/index.php\/barrierefreiheit\/","title":{"rendered":"Barrierefreiheit"},"content":{"rendered":"\t\t<div data-elementor-type=\"wp-page\" data-elementor-id=\"734\" class=\"elementor elementor-734\" data-elementor-post-type=\"page\">\n\t\t\t\t\t\t<section class=\"elementor-section elementor-top-section elementor-element elementor-element-8f6a05f elementor-section-boxed elementor-section-height-default elementor-section-height-default\" data-id=\"8f6a05f\" data-element_type=\"section\" data-e-type=\"section\">\n\t\t\t\t\t\t<div class=\"elementor-container elementor-column-gap-default\">\n\t\t\t\t\t<div class=\"elementor-column elementor-col-100 elementor-top-column elementor-element elementor-element-f6de499\" data-id=\"f6de499\" data-element_type=\"column\" data-e-type=\"column\">\n\t\t\t<div class=\"elementor-widget-wrap elementor-element-populated\">\n\t\t\t\t\t\t<div class=\"elementor-element elementor-element-8582303 elementor-widget elementor-widget-text-editor\" data-id=\"8582303\" data-element_type=\"widget\" data-e-type=\"widget\" data-widget_type=\"text-editor.default\">\n\t\t\t\t<div class=\"elementor-widget-container\">\n\t\t\t\t\t\t\t\t\t<h1>Erkl\u00e4rung zur Barrierefreiheit f\u00fcr Dienstleistungen<\/h1><p>Im Rahmen unserer Barrierefreiheitserkl\u00e4rung m\u00f6chten wir Ihnen einen \u00dcberblick \u00fcber den Stand der Vereinbarkeit der unten beschriebenen Dienstleistung(en) mit den Anforderungen der Barrierefreiheit nach gesetzlichen Vorschriften (insbesondere mit dem Barrierefreiheitsst\u00e4rkungsgesetz \u2013 BFSG) geben.<\/p><h2>Angaben zum Dienstleistungserbringer<\/h2><p>Pius Knapp Baustoffe GmbH<br \/>Miltenberger Str. 54<br \/>63920 Gro\u00dfheubach<\/p><p>E-Mail: <a href=\"mailto:info@knapp-baustoffe.de\">info@knapp-baustoffe.de<\/a><br \/>Telefon: 09371\/66068 &#8211; 0<\/p><p>Link zur Website: <a href=\"https:\/\/knapp-baustoffe.de\/\">https:\/\/knapp-baustoffe.de\/<\/a><br \/>Link zum Impressum: <a href=\"https:\/\/knapp-baustoffe.de\/index.php\/impressum\/\">https:\/\/knapp-baustoffe.de\/index.php\/impressum\/<\/a><\/p><h2>Allgemeine Beschreibung der Dienstleistung<\/h2><p>Dienstleistungen:<\/p><ul><li>Baustoff-Handel: Verkauf von Baustoffen und Materialien f\u00fcr Hoch- bzw. Tiefbau sowie Garten- und Landschaftsbau.<\/li><li>Erd- und Abbrucharbeiten: Durchf\u00fchrung von Aushub-, Abbruch- und allgemeinen Erdbewegungsarbeiten.<\/li><li>Lieferservice: Lieferung der Baustoffe direkt zur Baustelle oder zum Kunden.<\/li><li>Sand-\/Kiesgewinnung (Sand-\/Kiesgrube): Eigene Gewinnung von Sand und Kies-Rohstoffen in der Region.<\/li><\/ul><p><br \/>Ort der Dienstleistung:<\/p><p>Die Dienste werden angeboten am Unternehmensstandort:<br \/>Pius Knapp Baustoffe GmbH, Miltenberger Str. 54, 63920 Gro\u00dfheubach (Bayern).<\/p><p>Die Sand-\/Kiesgewinnung erfolgt in einem Areal zwischen Gro\u00dfheubach und Miltenberg.<\/p><p>Zielgebiet ist die regionale Umgebung in und um Gro\u00dfheubach\/Miltenberg (Bayern).<\/p><h2>Erl\u00e4uterungen zur Durchf\u00fchrung der Dienstleistung<\/h2><p>Beschreibung der angebotenen Dienstleistungen:<\/p><p>Die Pius Knapp Baustoffe GmbH mit Sitz in Gro\u00dfheubach (Bayern) bietet Dienstleistungen im Bereich Baustoffhandel und Erdbau an.<\/p><p>Zum Angebot geh\u00f6ren:<\/p><ul><li>Baustoffhandel: Verkauf von Baustoffen f\u00fcr Hoch- und Tiefbau sowie Garten- und Landschaftsbau.<\/li><li>Erd- und Abbrucharbeiten: Durchf\u00fchrung von Erdbewegungen, Aushub- und Abbrucharbeiten.<\/li><li>Lieferservice: Lieferung der bestellten Baustoffe direkt zur Baustelle oder zum Wohnort der Kundinnen und Kunden.<\/li><li>Sand- und Kiesgewinnung: Eigene Gewinnung und Bereitstellung regionaler Rohstoffe aus der Sand- und Kiesgrube zwischen Gro\u00dfheubach und Miltenberg.<\/li><\/ul><p><br \/>Kundinnen und Kunden k\u00f6nnen das Angebot vor Ort in Gro\u00dfheubach, Miltenberger Stra\u00dfe 54, telefonisch oder \u00fcber die Website <a href=\"https:\/\/knapp-baustoffe.de\/\">www.knapp-baustoffe.de<\/a> nutzen.<\/p><p>Vor Ort ist eine pers\u00f6nliche Beratung m\u00f6glich. Baustoffe k\u00f6nnen direkt abgeholt oder bequem geliefert werden.<\/p><h2>Stand der Vereinbarkeit mit den Anforderungen<\/h2><p>Wir setzen uns f\u00fcr digitale Barrierefreiheit ein und verfolgen das Ziel, unsere Website so zu gestalten, dass sie f\u00fcr alle Nutzerinnen und Nutzer uneingeschr\u00e4nkt zug\u00e4nglich ist. Daher arbeiten wir kontinuierlich daran, die Anforderungen des Barrierefreiheitsst\u00e4rkungsgesetzes (BFSG) und der Verordnung zum Barrierefreiheitsst\u00e4rkungsgesetz (BFSGV) vollst\u00e4ndig umzusetzen.<\/p><p>Unserer Webseite setzt die Vorgaben gem\u00e4\u00df Web Content Accessibility Guidelines (WCAG) um:<\/p><p>Tastaturbedienbarkeit: Alle Inhalte und Funktionen sind vollst\u00e4ndig \u00fcber die Tastatur zug\u00e4nglich, sodass auch Nutzerinnen und Nutzer ohne Maus uneingeschr\u00e4nkt navigieren k\u00f6nnen.<\/p><p>Vorlesefunktion: Unsere Website unterst\u00fctzt Vorlesefunktionen und ist mit ARIA-Attributen versehen, um die Nutzung mit Screenreadern zu erleichtern.<\/p><p>Optimierte Kontraste und flexible Schriftgr\u00f6\u00dfen: Wir achten auf ausreichend hohe Farbkontraste f\u00fcr eine bessere Lesbarkeit und erm\u00f6glichen es, die Schriftgr\u00f6\u00dfe individuell anzupassen, um den unterschiedlichen Bed\u00fcrfnissen gerecht zu werden.<\/p><p>Bilder \/ Animationen: Bilder und Animationen k\u00f6nnen auf Wunsch ausgeblendet oder angehalten werden.<\/p><p>Links: Links auf der Webseite k\u00f6nnen auf Wunsch farblich hervorgehoben werden, um das Navigieren der Webseite zu erleichtern.<\/p><h2>Feedbackm\u00f6glichkeit zur Meldung von Barrieren<\/h2><p>Wenn Ihnen Barrieren beim Zugang zu Inhalten auf unserer Website aufgefallen sind, k\u00f6nnen Sie uns gern einen Hinweis geben:<\/p><p>E-Mail: <a href=\"mailto:info@knapp-baustoffe.de\">info@knapp-baustoffe.de<\/a><br \/>Telefon: 09371\/66068 &#8211; 0<\/p><h2>Zust\u00e4ndige Markt\u00fcberwachungsbeh\u00f6rde<\/h2><p>Markt\u00fcberwachungsstelle der L\u00e4nder f\u00fcr die Barrierefreiheit von Produkten und Dienstleistungen (MLBF)<br \/>c\/o Ministerium f\u00fcr Arbeit, Soziales, Gesundheit und Gleichstellung Sachsen-Anhalt<br \/>Postfach 39 11 55<br \/>39135 Magdeburg<\/p><p>Telefon: + 49 (0) 391 567 6970<br \/>E-Mail: <a href=\"mailto:mlbf@ms.sachsen-anhalt.de\">mlbf@ms.sachsen-anhalt.de<\/a><\/p>\t\t\t\t\t\t\t\t<\/div>\n\t\t\t\t<\/div>\n\t\t\t\t\t<\/div>\n\t\t<\/div>\n\t\t\t\t\t<\/div>\n\t\t<\/section>\n\t\t\t\t<\/div>\n\t\t","protected":false},"excerpt":{"rendered":"<p>Erkl\u00e4rung zur Barrierefreiheit f\u00fcr Dienstleistungen Im Rahmen unserer Barrierefreiheitserkl\u00e4rung m\u00f6chten wir Ihnen einen \u00dcberblick \u00fcber den Stand der Vereinbarkeit der unten beschriebenen Dienstleistung(en) mit den Anforderungen der Barrierefreiheit nach gesetzlichen Vorschriften (insbesondere mit dem Barrierefreiheitsst\u00e4rkungsgesetz \u2013 BFSG) geben. Angaben zum Dienstleistungserbringer Pius Knapp Baustoffe GmbHMiltenberger Str. 5463920 Gro\u00dfheubach E-Mail: info@knapp-baustoffe.deTelefon: 09371\/66068 &#8211; 0 Link zur [&hellip;]<\/p>\n","protected":false},"author":1,"featured_media":0,"parent":0,"menu_order":0,"comment_status":"closed","ping_status":"closed","template":"","meta":{"footnotes":""},"class_list":["post-734","page","type-page","status-publish","hentry"],"_links":{"self":[{"href":"https:\/\/knapp-baustoffe.de\/index.php\/wp-json\/wp\/v2\/pages\/734","targetHints":{"allow":["GET"]}}],"collection":[{"href":"https:\/\/knapp-baustoffe.de\/index.php\/wp-json\/wp\/v2\/pages"}],"about":[{"href":"https:\/\/knapp-baustoffe.de\/index.php\/wp-json\/wp\/v2\/types\/page"}],"author":[{"embeddable":true,"href":"https:\/\/knapp-baustoffe.de\/index.php\/wp-json\/wp\/v2\/users\/1"}],"replies":[{"embeddable":true,"href":"https:\/\/knapp-baustoffe.de\/index.php\/wp-json\/wp\/v2\/comments?post=734"}],"version-history":[{"count":0,"href":"https:\/\/knapp-baustoffe.de\/index.php\/wp-json\/wp\/v2\/pages\/734\/revisions"}],"wp:attachment":[{"href":"https:\/\/knapp-baustoffe.de\/index.php\/wp-json\/wp\/v2\/media?parent=734"}],"curies":[{"name":"wp","href":"https:\/\/api.w.org\/{rel}","templated":true}]}}